{"id":52,"date":"2013-12-16T21:51:12","date_gmt":"2013-12-16T20:51:12","guid":{"rendered":"http:\/\/bike.euler.eu\/?page_id=52"},"modified":"2021-08-17T21:45:25","modified_gmt":"2021-08-17T20:45:25","slug":"datenschutzerklaerung","status":"publish","type":"page","link":"http:\/\/bike.euler.eu\/?page_id=52","title":{"rendered":"Datenschutzerkl\u00e4rung"},"content":{"rendered":"<p><b>Datenschutzerkl\u00e4rung<\/b><\/p>\n<p>Anbieter und verantwortliche Stelle im Sinne des Datenschutzgesetzes:<\/p>\n<p><a href=\"http:\/\/bike.euler.eu\/wp-content\/uploads\/2013\/12\/Kontakt.png\"><img loading=\"lazy\" decoding=\"async\" class=\" wp-image-381 alignnone\" alt=\"Kontakt\" src=\"http:\/\/bike.euler.eu\/wp-content\/uploads\/2013\/12\/Kontakt-300x164.png\" width=\"210\" height=\"115\" srcset=\"http:\/\/bike.euler.eu\/wp-content\/uploads\/2013\/12\/Kontakt-300x164.png 300w, http:\/\/bike.euler.eu\/wp-content\/uploads\/2013\/12\/Kontakt-500x274.png 500w, http:\/\/bike.euler.eu\/wp-content\/uploads\/2013\/12\/Kontakt.png 535w\" sizes=\"auto, (max-width: 210px) 100vw, 210px\" \/><\/a><\/p>\n<p><b>Geltungsbereich<\/b><\/p>\n<p><b><\/b>Nutzer erhalten mit dieser Datenschutzerkl\u00e4rung Information \u00fcber die Art, den Umfang und Zweck der Erhebung und Verwendung ihrer Daten durch den verantwortlichen Anbieter erhoben und verwendet werden.<\/p>\n<p>Den rechtlichen Rahmen f\u00fcr den Datenschutz bilden das Bundesdatenschutzgesetz (BDSG) und das Telemediengesetz (TMG).<\/p>\n<p><b>Erfassung allgemeiner Informationen<\/b><\/p>\n<p>Mit jedem Zugriff auf dieses Angebot werden durch uns bzw. den Webspace-Provider automatisch Informationen erfasst. Diese Informationen, auch als Server-Logfiles bezeichnet, sind allgemeiner Natur und erlauben keine R\u00fcckschl\u00fcsse auf Ihre Person.<\/p>\n<p>Erfasst werden unter anderem: Name der Webseite, Datei, Datum, Datenmenge, Webbrowser und Webbrowser-Version, Betriebssystem, der Domainname Ihres Internet-Providers, die sogenannte Referrer-URL (jene Seite, von der aus Sie auf unser Angebot zugegriffen haben) und die IP-Adresse.<\/p>\n<p>Ohne diese Daten w\u00e4re es technisch teils nicht m\u00f6glich, die Inhalte der Webseite auszuliefern und darzustellen. Insofern ist die Erfassung der Daten zwingend notwendig. Dar\u00fcber hinaus verwenden wir die anonymen Informationen f\u00fcr statistische Zwecke. Sie helfen uns bei der Optimierung des Angebots und der Technik. Wir behalten uns zudem das Recht vor, die Log-Files bei Verdacht auf eine rechtswidrige Nutzung unseres Angebotes nachtr\u00e4glich zu kontrollieren.<\/p>\n<p><b>Kommentarfunktion<\/b><\/p>\n<p>Werden Kommentare oder sonstige Beitr\u00e4ge auf unserem Angebot verfasst und ver\u00f6ffentlicht, speichern wir die IP-Adresse, den Nutzernamen und den Zeitpunkt der Erstellung. Diese Daten werden aus Sicherheitsgr\u00fcnden erhoben, da der Anbieter f\u00fcr rechtswidrige Inhalte (verbotene Propaganda, Beleidigungen u.a.) belangt werden kann, auch wenn sie von dritter Seite erstellt wurden. In einem solchen Fall dienen die Informationen dazu, die Identit\u00e4t des Verfassers zu ermitteln.<\/p>\n<p><b>Newsletter<\/b><\/p>\n<p>Melden Sie sich f\u00fcr unseren Newsletter an, verwenden wir die von Ihnen eingegebenen Daten ausschlie\u00dflich f\u00fcr diesen Zweck oder um sie \u00fcber die f\u00fcr diesen Dienst oder die Registrierung relevanten Umst\u00e4nde zu informieren. Diese Daten geben wir nicht an Dritte weiter.<\/p>\n<p>F\u00fcr den Empfang des Newsletters bedarf es einer validen (g\u00fcltigen) E-Mail-Adresse. Gespeichert werden zudem die IP-Adresse, \u00fcber die Sie sich f\u00fcr den Newsletter anmelden und das Datum, an dem Sie den Newsletter bestellen. Diese Daten dienen uns als Nachweis bei Missbrauch, falls eine fremde E-Mail-Adresse f\u00fcr den Newsletter angemeldet wird. Um dar\u00fcber hinaus sicherzustellen, dass eine E-Mail-Adresse nicht missbr\u00e4uchlich durch Dritte in unseren Verteiler eingetragen wird, arbeiten wir gesetzeskonform mit dem sogenannten \u201eDouble-Opt-In\u201c-Verfahren. Im Rahmen dieses Verfahren werden die Bestellung des Newsletters, der Versand der Best\u00e4tigungsmail und der Erhalt der Anmeldebest\u00e4tigung protokolliert.<\/p>\n<p>Sie haben jederzeit die M\u00f6glichkeit, Ihre Einwilligung zur Speicherung der Daten, Ihrer E-Mail-Adresse und deren Nutzung f\u00fcr den Newsletter-Versand zu widerrufen. F\u00fcr den Widerruf stellen wir Ihnen in jedem Newsletter und auf der Webseite einen Link zur Verf\u00fcgung. Sie haben au\u00dferdem die M\u00f6glichkeit, uns Ihren Widerrufswunsch \u00fcber die in diesem Dokument genannten Kontaktm\u00f6glichkeiten mitzuteilen.<\/p>\n<p><b>Kontaktformular<\/b><\/p>\n<p>Wenn Sie uns \u00fcber das Onlineformular oder per E-Mail kontaktieren, speichern wir die von Ihnen gemachten Angaben, um Ihre Anfrage beantworten und m\u00f6gliche Anschlussfragen stellen zu k\u00f6nnen.<\/p>\n<p><b>Einbindung von Diensten und Inhalten Dritter<\/b><\/p>\n<p>Unser Angebot umfasst mitunter Inhalte, Dienste und Leistungen anderer Anbieter. Das sind zum Beispiel Karten, die von Google-Maps zur Verf\u00fcgung gestellt werden, Videos von YouTube sowie Grafiken und Bilder anderer Webseiten. Damit diese Daten im Browser des Nutzers aufgerufen und dargestellt werden k\u00f6nnen, ist die \u00dcbermittlung der IP-Adresse zwingend notwendig. Die Anbieter (im Folgenden als \u201eDritt-Anbieter\u201c bezeichnet) nehmen also die IP-Adresse des jeweiligen Nutzers wahr.<\/p>\n<p>Auch wenn wir bem\u00fcht sind, ausschlie\u00dflich Dritt-Anbieter zu nutzen, welche die IP-Adresse nur ben\u00f6tigen, um Inhalte ausliefern zu k\u00f6nnen, haben wir keinen Einfluss darauf, ob die IP-Adresse m\u00f6glicherweise gespeichert wird. Dieser Vorgang dient in dem Fall unter anderem statistischen Zwecken. Sofern wir Kenntnis davon haben, dass die IP-Adresse gespeichert wird, weisen wir unsere Nutzer darauf hin.<\/p>\n<p><b>Cookies<\/b><\/p>\n<p>Diese Webseite verwendet sogenannte Cookies. Das sind Textdateien, die vom Server aus auf Ihrem Rechner gespeichert werden. Sie enthalten Informationen zum Browser, zur IP-Adresse, dem Betriebssystem und zur Internetverbindung. Diese Daten werden von uns nicht an Dritte weitergegeben oder ohne ihre Zustimmung mit personenbezogenen Daten verkn\u00fcpft.<\/p>\n<p>Cookies erf\u00fcllen vor allem zwei Aufgaben. Sie helfen uns, Ihnen die Navigation durch unser Angebot zu erleichtern, und erm\u00f6glichen die korrekte Darstellung der Webseite. Sie werden nicht dazu genutzt, Viren einzuschleusen oder Programme zu starten.<\/p>\n<p>Nutzer haben die M\u00f6glichkeit, unser Angebot auch ohne Cookies aufzurufen. Dazu m\u00fcssen im Browser die entsprechenden Einstellungen ge\u00e4ndert werden. Informieren Sie sich bitte \u00fcber die Hilfsfunktion Ihres Browsers, wie Cookies deaktiviert werden. Wir weisen allerdings darauf hin, dass dadurch einige Funktionen dieser Webseite m\u00f6glicherweise beeintr\u00e4chtigt werden und der Nutzungskomfort eingeschr\u00e4nkt wird. Die Seiten http:\/\/www.aboutads.info\/choices\/ (USA) und http:\/\/www.youronlinechoices.com\/uk\/your-ad-choices\/ (Europa) erlauben es Ihnen, Online-Anzeigen-Cookies zu verwalten.<\/p>\n<p><b>Verwendung von Google Analytics<\/b><\/p>\n<p>Diese Webseite benutzt Google Analytics, einen Webanalysedienst der Google Inc. (\u201cGoogle\u201d). Google Analytics verwendet sog. \u201cCookies\u201d, Textdateien, die auf Ihrem Computer gespeichert werden und die eine Analyse der Benutzung der Webseite durch Sie erm\u00f6glichen. Die durch den Cookie erzeugten Informationen \u00fcber Ihre Benutzung dieser Webseite werden in der Regel an einen Server von Google in den USA \u00fcbertragen und dort gespeichert. Aufgrund der Aktivierung der IP-Anonymisierung auf diesen Webseiten, wird Ihre IP-Adresse von Google jedoch innerhalb von Mitgliedstaaten der Europ\u00e4ischen Union oder in anderen Vertragsstaaten des Abkommens \u00fcber den Europ\u00e4ischen Wirtschaftsraum zuvor gek\u00fcrzt. Nur in Ausnahmef\u00e4llen wird die volle IP-Adresse an einen Server von Google in den USA \u00fcbertragen und dort gek\u00fcrzt.<\/p>\n<p>Im Auftrag des Betreibers dieser Webseite wird Google diese Informationen benutzen, um Ihre Nutzung der Webseite auszuwerten, um Reports \u00fcber die Webseitenaktivit\u00e4ten zusammenzustellen und um weitere mit der Webseitennutzung und der Internetnutzung verbundene Dienstleistungen gegen\u00fcber dem Webseitenbetreiber zu erbringen. Die im Rahmen von Google Analytics von Ihrem Browser \u00fcbermittelte IP-Adresse wird nicht mit anderen Daten von Google zusammengef\u00fchrt. Sie k\u00f6nnen die Speicherung der Cookies durch eine entsprechende Einstellung Ihrer Browser-Software verhindern. Wir weisen Sie jedoch darauf hin, dass Sie in diesem Fall gegebenenfalls nicht s\u00e4mtliche Funktionen dieser Webseite vollumf\u00e4nglich werden nutzen k\u00f6nnen.<\/p>\n<p>Sie k\u00f6nnen dar\u00fcber hinaus die Erfassung der durch das Cookie erzeugten und auf Ihre Nutzung der Webseite bezogenen Daten (inkl. Ihrer IP-Adresse) an Google sowie die Verarbeitung dieser Daten durch Google verhindern, indem sie das unter dem folgenden Link verf\u00fcgbare Browser-Plugin herunterladen und installieren: Browser Add On zur Deaktivierung von Google Analytics.<\/p>\n<p>N\u00e4here Informationen zu Nutzungsbedingungen und Datenschutz finden Sie unter http:\/\/www.google.com\/analytics\/terms\/de.html bzw. unter https:\/\/www.google.de\/intl\/de\/policies\/.<\/p>\n<p><b>Google AdWords<\/b><\/p>\n<p>Diese Webseite nutzt das Online-Werbeprogramm \u201eGoogle AdWords\u201c und im Rahmen dessen das Conversion-Tracking. Dabei wird von Google Adwords ein Cookie auf Ihrem Rechner gesetzt, sofern Sie \u00fcber eine Google-Anzeige auf unsere Webseite gelangt sind. Diese Cookies verlieren nach 30 Tagen ihre G\u00fcltigkeit und dienen nicht der pers\u00f6nlichen Identifizierung. Besucht der Nutzer bestimmte Seiten unserer Webseite und das Cookie ist noch nicht abgelaufen, k\u00f6nnen wir und Google erkennen, dass der Nutzer auf die Anzeige geklickt hat und zu dieser Seite weitergeleitet wurde. Jeder Google AdWords-Kunde erh\u00e4lt ein anderes Cookie. Cookies k\u00f6nnen somit nicht \u00fcber die Webseiten von AdWords-Kunden nachverfolgt werden.<\/p>\n<p>Die mit Hilfe des Conversion-Cookies eingeholten Informationen dienen dazu Conversion-Statistiken f\u00fcr AdWords-Kunden zu erstellen, die sich f\u00fcr Conversion-Tracking entschieden haben. Die Kunden erfahren die Gesamtanzahl der Nutzer, die auf ihre Anzeige geklickt haben und zu einer mit einem Conversion-Tracking-Tag versehenen Seite weitergeleitet wurden. Sie erhalten jedoch keine Informationen, mit denen sich Nutzer pers\u00f6nlich identifizieren lassen.<\/p>\n<p>Wenn Sie nicht am Tracking-Verfahren teilnehmen m\u00f6chten, k\u00f6nnen Sie das Cookie des Google Conversion-Trackings \u00fcber ihren Internet-Browser unter Nutzereinstellungen leicht deaktivieren. Sie werden dann nicht in die Conversion-Tracking Statistiken aufgenommen. Mehr hierzu erfahren Sie \u00fcber die Datenschutzbestimmungen von Google unter http:\/\/www.google.de\/policies\/privacy\/<\/p>\n<p><b>Einsatz von Google AdSense \/ Google Remarketing<\/b><\/p>\n<p>Auf dieser Webseite werden Werbeanzeigen von Google AdSense eingebunden. Google AdSense ist eine Remarketing-Funktion von Google Inc. (kurz Google). Sie erlaubt es, Besuchern dieser Webseite interessenbezogene Werbeanzeigen zu pr\u00e4sentieren. F\u00fcr diese Zwecke werden zum einen Cookies gespeichert. Cookies sind Textdateien mit Informationen, die es erm\u00f6glichen, den Besucher wiederzuerkennen, zum Beispiel durch die IP-Adresse. Zum anderen arbeitet Google AdSense mit sogenannten Web Beacons. Hierbei handelt es sich um unsichtbare Grafiken, anhand derer der Besucherverkehr auf einer Webseite ausgewertet werden kann. Diese Informationen \u00fcbertr\u00e4gt Google in die USA und hinterlegt sie dort auf seinen Servern. Laut Aussage von Google werden in diesem Zusammenhang keine personenbezogenen Daten gespeichert. Die IP-Adresse wird dar\u00fcber hinaus nicht mit anderen, bereits von Ihnen gespeicherten Daten zusammengef\u00fchrt. Allerdings kann Google die Informationen an Vertragspartner weitergeben.<\/p>\n<p>Nutzer haben die M\u00f6glichkeit die Remarketing Funktion zu deaktivieren. Nehmen Sie dazu bitte die entsprechenden Einstellungen auf der folgenden Webseite vor: http:\/\/www.google.com\/settings\/ads.<\/p>\n<p>Oder rufen Sie die Seite http:\/\/www.networkadvertising.org\/managing\/opt_out.asp auf, um zu verhindern, dass Cookies gespeichert werden, die den Einsatz interessenbezogener Werbung durch die Werbenetzwerkinitiative erm\u00f6glichen. Alternativ kann \u00fcber die entsprechende Einstellung im Browser &#8211; folgen Sie bitte den Hinweisen in der Hilfefunktion Ihres Browsers &#8211; die Installation von Cookies unterbunden werden. Dadurch wird unter Umst\u00e4nden der Funktionsumfang des Angebotes eingeschr\u00e4nkt.<\/p>\n<p>Wenn Sie unser Angebot nutzen, erkl\u00e4ren Sie sich damit einverstanden, dass Google die Daten in der beschriebenen Art und Weise erhebt und verarbeitet.<\/p>\n<p><b>Facebook Social Plug-in<\/b><\/p>\n<p>Wir binden auf unseren Webseiten Plug-ins des sozialen Netzwerks Facebook (Anschrift: 1601 South California Avenue, Palo Alto, CA 94304, USA) ein. Sie erkennen die Plug-ins &#8211; eine \u00dcbersicht finden Sie hier: http:\/\/developers.facebook.com\/docs\/Plug-ins\/ &#8211; am Like-Button (Gef\u00e4llt mir) oder am Logo von Facebook.<\/p>\n<p>Rufen Sie eine unserer Webseiten mit Facebook Plug-in auf, wird eine direkte Verbindung mit Facebook aufgebaut. Auf die Art und den Umfang der Daten, die dabei von Facebook erhoben, gespeichert und verarbeitet werden, haben wir keinen Einfluss. Wir k\u00f6nnen Sie lediglich entsprechend unseres Kenntnisstandes informieren.<\/p>\n<p>Facebook wird \u00fcber das Plug-in informiert, dass Sie die entsprechende Webseite unseres Angebots aufgerufen haben. Das gilt auch f\u00fcr Nutzer, die nicht bei Facebook registriert sind. In dem Fall besteht die M\u00f6glichkeit, dass Facebook die IP-Adresse speichert.<\/p>\n<p>Sind Sie Mitglied bei Facebook und eingeloggt, kann der Aufruf einer Webseite mit Facebook Plug-in Ihrem Nutzerkonto bei Facebook eindeutig zugeordnet werden. Dar\u00fcber hinaus \u00fcbermitteln die Plug-ins alle Interaktionen, wenn Sie zum Beispiel den Like-Button nutzen oder einen Kommentar hinterlassen.<\/p>\n<p>Um zu verhindern, dass Facebook Daten \u00fcber Sie speichert, loggen Sie sich vor dem Besuch unserer Webseiten bitte bei Facebook aus. Sie k\u00f6nnen die Plug-ins dar\u00fcber hinaus mit Add-ons f\u00fcr den Browser blocken (zum Beispiel \u201eFacebook Blocker\u201c).<\/p>\n<p>Informationen zu den Datenschutzbestimmungen, dem Zweck und Umfang der Datenerfassung und Datenverarbeitung sowie den Einstellm\u00f6glichkeiten zum Schutz der Privatsph\u00e4re bei Facebook erhalten Sie hier: http:\/\/www.facebook.com\/privacy\/explanation.php.<\/p>\n<p><b>Google+ Social Plug-in<\/b><\/p>\n<p>Wir binden auf unseren Webseiten das Social Plug-in von Google+ (Google plus) ein, zu erkennen am \u201e+1\u201c Zeichen auf wei\u00dfem oder farbigem Hintergrund. Zur Verf\u00fcgung gestellt wird das Plug-in von Google Inc. (kurz Google, Anschrift: 1600 Amphitheatre Parkway, Mountain View, CA 94043, USA).<\/p>\n<p>Beim Aufruf einer Webseite mit Google+ Schaltfl\u00e4che wird eine Verbindung zu den Servern von Google aufgebaut. Google \u00fcbermittelt dabei den Inhalt der Schaltfl\u00e4che und bindet diesen auf der entsprechenden Webseite ein. Gleichzeitig erh\u00e4lt Google die Information, welche Seite gerade aufgerufen wurde. Personenbezogene Daten werden nach Aussage von Google erst dann erhoben, wenn auf die Schaltfl\u00e4che von Google+ geklickt wird. F\u00fcr Mitglieder von Google+, die eingeloggt sind, gilt: Auch ohne Interaktion speichert und verarbeitet Google zumindest die IP-Adresse. Auf den Umfang der Daten, die in diesem Zusammenhang gespeichert werden, haben wir keinen Einfluss.<\/p>\n<p>Nutzer von Google+, die in ihren Account eingeloggt sind, k\u00f6nnen unsere Webseiten mit einem Klick auf den \u201e+1\u201c-Button empfehlen. Google speichert in dem Fall nicht nur die IP-Adresse und den Browser, sondern auch den Inhalt, f\u00fcr den +1 gegeben wurde, und die Seite. Diese Informationen werden im Profil des Nutzers gespeichert und k\u00f6nnen zusammen mit dem Profilnamen und dem Bild des Nutzers in Google Diensten, zu denen auch die Suchergebnisse z\u00e4hlen, eingeblendet werden. Google nutzt die Daten unter anderem, um die eigenen Dienste zu optimieren. Hinweise zu den Datenschutzbestimmungen von Google und den Einstellm\u00f6glichkeiten zum Schutz der Privatsph\u00e4re finden Sie hier: http:\/\/www.google.de\/intl\/de\/policies\/privacy\/.<\/p>\n<p>Mitgliedern von Google Plus, die nicht m\u00f6chten, dass \u00fcber unsere Webseiten Daten von ihnen gesammelt und gespeichert werden, loggen sich vor dem Besuch unseres Angebots bitte aus ihrem Google+ Konto aus.<\/p>\n<p><b>Twitter Social Plugin<\/b><\/p>\n<p>Dieses Angebot nutzt Funktionen des Dienstes Twitter. Dieser wird durch die Twitter Inc., 1355 Market St, Suite 900, San Francisco, CA 94103, USA bereitgestellt. Twitter bietet die sog. \u201eTweet\u201c &#8211; Funktion an. Wenn Sie die Funktion von Twitter auf unseren Webseiten nutzen, werden die von Ihnen besuchten Webseiten mit Ihrem Twitter-Account verkn\u00fcpft und ggf. anderen Nutzern bekannt gegeben. Hierbei werden auch Daten an Twitter \u00fcbertragen.<\/p>\n<p>Von dem Inhalt der \u00fcbermittelten Daten und deren Nutzung durch Twitter erhalten wir als Anbieter keine Kenntnis. Weitere Informationen hierzu finden Sie in der Datenschutzerkl\u00e4rung von Twitter unter http:\/\/twitter.com\/privacy.Twitter bietet Ihnen unter nachfolgendem Link die M\u00f6glichkeit, Ihre Datenschutzeinstellungen selbst festzulegen: http:\/\/twitter.com\/account\/settings.<\/p>\n<p><b>Datensparsamkeit<\/b><\/p>\n<p>Personenbezogene Daten speichern wir gem\u00e4\u00df den Grunds\u00e4tzen der Datenvermeidung und Datensparsamkeit nur so lange, wie es erforderlich ist oder vom Gesetzgeber her vorgeschrieben wird (gesetzliche Speicherfrist). Entf\u00e4llt der Zweck der erhobenen Informationen oder endet die Speicherfrist, sperren oder l\u00f6schen wir die Daten.<\/p>\n<p>Ihre Rechte auf Auskunft, Berichtigung, Sperre, L\u00f6schung und Widerspruch<\/p>\n<p>Sie haben das Recht, auf Antrag unentgeltlich eine Auskunft, \u00fcber die bei uns gespeicherten personenbezogenen Daten, anzufordern und\/oder eine Berichtigung, Sperrung oder L\u00f6schung zu verlangen. Ausnahmen: Es handelt sich um die vorgeschriebene Datenspeicherung zur Gesch\u00e4ftsabwicklung oder die Daten unterliegen der gesetzlichen Aufbewahrungspflicht.<\/p>\n<p>F\u00fcr diese Zwecke kontaktieren Sie bitte unseren Datenschutzbeauftragen (Kontaktdaten: \u00fcber Impressum).<\/p>\n<p>Um eine Datensperre jederzeit ber\u00fccksichtigen zu k\u00f6nnen, ist es erforderlich, die Daten f\u00fcr Kontrollzwecke in einer Sperrdatei vorzuhalten. Besteht keine gesetzliche Archivierungspflicht, k\u00f6nnen Sie auch die L\u00f6schung der Daten verlangen. Anderenfalls sperren wir die Daten, sofern Sie dies w\u00fcnschen.<\/p>\n<p><b>\u00c4nderung unserer Datenschutzerkl\u00e4rung<\/b><\/p>\n<p>Um zu gew\u00e4hrleisten, dass unsere Datenschutzerkl\u00e4rung stets den aktuellen gesetzlichen Vorgaben entspricht, behalten wir uns jederzeit \u00c4nderungen vor. Das gilt auch f\u00fcr den Fall, dass die Datenschutzerkl\u00e4rung aufgrund neuer oder \u00fcberarbeiteter Leistungen, zum Beispiel neuer Serviceleistungen, angepasst werden muss. Die neue Datenschutzerkl\u00e4rung greift dann bei Ihrem n\u00e4chsten Besuch auf unserem Angebot.<\/p>\n<p>&nbsp;<\/p>\n<p>Quelle: Datenschutz-Konfigurator von&nbsp;<a href=\"http:\/\/www.mein-datenschutzbeauftragter.de\/\" target=\"_blank\" rel=\"noopener\">mein-datenschutzbeauftragter.de<\/a><\/p>\n<p>&nbsp;<\/p>\n","protected":false},"excerpt":{"rendered":"<p>Datenschutzerkl\u00e4rung Anbieter und verantwortliche Stelle im Sinne des Datenschutzgesetzes: Geltungsbereich Nutzer erhalten mit dieser Datenschutzerkl\u00e4rung Information \u00fcber die Art, den Umfang und Zweck der Erhebung und Verwendung ihrer Daten durch den verantwortlichen Anbieter erhoben und verwendet werden. Den rechtlichen Rahmen f\u00fcr den Datenschutz bilden das Bundesdatenschutzgesetz (BDSG) und das Telemediengesetz (TMG). Erfassung allgemeiner Informationen Mit [&hellip;]<\/p>\n","protected":false},"author":1,"featured_media":0,"parent":20,"menu_order":0,"comment_status":"closed","ping_status":"open","template":"","meta":{"_monsterinsights_skip_tracking":false,"_monsterinsights_sitenote_active":false,"_monsterinsights_sitenote_note":"","_monsterinsights_sitenote_category":0,"footnotes":""},"class_list":["post-52","page","type-page","status-publish","hentry"],"_links":{"self":[{"href":"http:\/\/bike.euler.eu\/index.php?rest_route=\/wp\/v2\/pages\/52","targetHints":{"allow":["GET"]}}],"collection":[{"href":"http:\/\/bike.euler.eu\/index.php?rest_route=\/wp\/v2\/pages"}],"about":[{"href":"http:\/\/bike.euler.eu\/index.php?rest_route=\/wp\/v2\/types\/page"}],"author":[{"embeddable":true,"href":"http:\/\/bike.euler.eu\/index.php?rest_route=\/wp\/v2\/users\/1"}],"replies":[{"embeddable":true,"href":"http:\/\/bike.euler.eu\/index.php?rest_route=%2Fwp%2Fv2%2Fcomments&post=52"}],"version-history":[{"count":5,"href":"http:\/\/bike.euler.eu\/index.php?rest_route=\/wp\/v2\/pages\/52\/revisions"}],"predecessor-version":[{"id":468,"href":"http:\/\/bike.euler.eu\/index.php?rest_route=\/wp\/v2\/pages\/52\/revisions\/468"}],"up":[{"embeddable":true,"href":"http:\/\/bike.euler.eu\/index.php?rest_route=\/wp\/v2\/pages\/20"}],"wp:attachment":[{"href":"http:\/\/bike.euler.eu\/index.php?rest_route=%2Fwp%2Fv2%2Fmedia&parent=52"}],"curies":[{"name":"wp","href":"https:\/\/api.w.org\/{rel}","templated":true}]}}